{"id":1540,"date":"2020-10-13T13:48:45","date_gmt":"2020-10-13T11:48:45","guid":{"rendered":"http:\/\/nowa.helpful.pl\/?page_id=1540"},"modified":"2020-10-13T13:48:45","modified_gmt":"2020-10-13T11:48:45","slug":"sprzedaz-lacz","status":"publish","type":"page","link":"http:\/\/nowa.helpful.pl\/?page_id=1540","title":{"rendered":"Sprzeda\u017c \u0142\u0105cz"},"content":{"rendered":"","protected":false},"excerpt":{"rendered":"","protected":false},"author":1,"featured_media":0,"parent":0,"menu_order":0,"comment_status":"closed","ping_status":"closed","template":"","meta":[],"_links":{"self":[{"href":"http:\/\/nowa.helpful.pl\/index.php?rest_route=\/wp\/v2\/pages\/1540"}],"collection":[{"href":"http:\/\/nowa.helpful.pl\/index.php?rest_route=\/wp\/v2\/pages"}],"about":[{"href":"http:\/\/nowa.helpful.pl\/index.php?rest_route=\/wp\/v2\/types\/page"}],"author":[{"embeddable":true,"href":"http:\/\/nowa.helpful.pl\/index.php?rest_route=\/wp\/v2\/users\/1"}],"replies":[{"embeddable":true,"href":"http:\/\/nowa.helpful.pl\/index.php?rest_route=%2Fwp%2Fv2%2Fcomments&post=1540"}],"version-history":[{"count":1,"href":"http:\/\/nowa.helpful.pl\/index.php?rest_route=\/wp\/v2\/pages\/1540\/revisions"}],"predecessor-version":[{"id":1541,"href":"http:\/\/nowa.helpful.pl\/index.php?rest_route=\/wp\/v2\/pages\/1540\/revisions\/1541"}],"wp:attachment":[{"href":"http:\/\/nowa.helpful.pl\/index.php?rest_route=%2Fwp%2Fv2%2Fmedia&parent=1540"}],"curies":[{"name":"wp","href":"https:\/\/api.w.org\/{rel}","templated":true}]}}